{"id":1522,"date":"2024-06-07T23:00:47","date_gmt":"2024-06-07T23:00:47","guid":{"rendered":"https:\/\/beebuycoin.com\/politique-en-matiere-de-cookies\/"},"modified":"2025-07-01T14:08:08","modified_gmt":"2025-07-01T14:08:08","slug":"politique-en-matiere-de-cookies","status":"publish","type":"page","link":"https:\/\/beebuycoin.com\/fr\/politique-en-matiere-de-cookies\/","title":{"rendered":"Politique en mati\u00e8re de cookies"},"content":{"rendered":"<!--themify_builder_content-->\n<div id=\"themify_builder_content-1522\" data-postid=\"1522\" class=\"themify_builder_content themify_builder_content-1522 themify_builder tf_clear\">\n                    <div  data-lazy=\"1\" class=\"module_row themify_builder_row tb_29pg552 tb_first tf_w\">\n                        <div class=\"row_inner col_align_top tb_col_count_1 tf_box tf_rel\">\n                        <div  data-lazy=\"1\" class=\"module_column tb-column col-full tb_isvb553 first\">\n                            <div  data-lazy=\"1\" class=\"module_subrow themify_builder_sub_row tf_w col_align_top tb_col_count_1 tb_zjta397\">\n                <div  data-lazy=\"1\" class=\"module_column sub_column col-full tb_cvna397 first\">\n                    <!-- module fancy heading -->\n<div  class=\"module module-fancy-heading tb_c5l0518  tb_hide_divider\" data-lazy=\"1\">\n        <h1 class=\"fancy-heading tf_textl\">\n    <span class=\"main-head tf_block\">\n                    Politique en mati\u00e8re de cookies            <\/span>\n\n    \n    <span class=\"sub-head tf_block tf_rel\">\n                                <\/span>\n    <\/h1>\n<\/div>\n<!-- \/module fancy heading -->\n<!-- module fancy heading -->\n<div  class=\"module module-fancy-heading tb_ytn3397  tb_hide_divider\" data-lazy=\"1\">\n        <h3 class=\"fancy-heading tf_textl\">\n    <span class=\"main-head tf_block\">\n                    Introduction            <\/span>\n\n    \n    <span class=\"sub-head tf_block tf_rel\">\n                                <\/span>\n    <\/h3>\n<\/div>\n<!-- \/module fancy heading -->\n<!-- module divider -->\n<div  class=\"module tf_mw module-divider tb_wf1z397 solid  divider-custom divider-left\" style=\"border-width: 8px;border-color: #ffa022;margin-bottom: 20px;max-width: 100px;\" data-lazy=\"1\">\n    <\/div>\n<!-- \/module divider -->\n<!-- module text -->\n<div  class=\"module module-text tb_z12q133   \" data-lazy=\"1\">\n        <div  class=\"tb_text_wrap\">\n        <p style=\"text-align: justify;\">BeeBuy Coin s&rsquo;engage \u00e0 prot\u00e9ger votre vie priv\u00e9e et \u00e0 assurer la transparence sur la mani\u00e8re dont nous utilisons les cookies sur notre site web. Cette politique en mati\u00e8re de cookies explique ce que sont les cookies, comment nous les utilisons et quels sont vos choix concernant leur utilisation, conform\u00e9ment aux lois applicables en R\u00e9publique centrafricaine et aux meilleures pratiques internationales. <\/p>    <\/div>\n<\/div>\n<!-- \/module text -->        <\/div>\n                    <\/div>\n                <div  data-lazy=\"1\" class=\"module_subrow themify_builder_sub_row tf_w col_align_top tb_col_count_1 tb_giob824\">\n                <div  data-lazy=\"1\" class=\"module_column sub_column col-full tb_vzcw824 first\">\n                    <!-- module text -->\n<div  class=\"module module-text tb_0utu962   \" data-lazy=\"1\">\n        <div  class=\"tb_text_wrap\">\n        <h3><span style=\"color: #000000;\">Qu&rsquo;est-ce qu&rsquo;un cookie ?<\/span><\/h3>\n<p>Les cookies sont de petits fichiers texte stock\u00e9s sur votre appareil lorsque vous visitez un site web. Ils sont largement utilis\u00e9s pour aider les sites web \u00e0 fonctionner plus efficacement et pour fournir des informations \u00e0 leurs propri\u00e9taires. <\/p>\n<h3><span style=\"color: #000000;\">Types de cookies que nous utilisons<\/span><\/h3>\n<div>1. Cookies essentiels<\/div>\n<div> Ces cookies sont n\u00e9cessaires au bon fonctionnement du site web et ne peuvent \u00eatre d\u00e9sactiv\u00e9s dans nos syst\u00e8mes.<\/div>\n<div>2.Cookies de performance<\/div>\n<div> Ces cookies nous aident \u00e0 comprendre comment les visiteurs interagissent avec notre site web en collectant et en rapportant des informations de mani\u00e8re anonyme.<\/div>\n<div>3.Cookies fonctionnels<\/div>\n<div> Ces cookies permettent au site web d&rsquo;offrir une fonctionnalit\u00e9 et une personnalisation am\u00e9lior\u00e9es. Ils peuvent \u00eatre install\u00e9s par nous ou par des prestataires de services tiers. <\/div>\n<div>4. les cookies de ciblage<\/div>\n<div> Ces cookies peuvent \u00eatre install\u00e9s par nos partenaires publicitaires. Ils sont utilis\u00e9s pour \u00e9tablir un profil de vos int\u00e9r\u00eats et afficher des publicit\u00e9s pertinentes sur d&rsquo;autres sites web. <\/div>\n<div> <\/div>\n<h3><span style=\"color: #000000;\">Comment nous utilisons les cookies<\/span><\/h3>\n<ul>\n<li>\n<div>Am\u00e9liorer l&rsquo;exp\u00e9rience de l&rsquo;utilisateur en m\u00e9morisant vos pr\u00e9f\u00e9rences et vos param\u00e8tres.<\/div>\n<\/li>\n<li>\n<div>Analyser le trafic sur le site web \u00e0 l&rsquo;aide d&rsquo;outils tels que Google Analytics.<\/div>\n<\/li>\n<li>\n<div>Fournir un contenu personnalis\u00e9 en fonction de votre comportement et de vos int\u00e9r\u00eats.<\/div>\n<\/li>\n<\/ul>\n<h3><span style=\"color: #000000;\">Cookies de tiers<\/span><\/h3>\n<p>Certains cookies peuvent \u00eatre install\u00e9s par des services tiers apparaissant sur nos pages. Nous ne contr\u00f4lons pas ces cookies et vous recommandons de consulter leurs politiques respectives en mati\u00e8re de cookies. <\/p>\n<h3><span style=\"color: #000000;\">Vos choix concernant les cookies<\/span><\/h3>\n<p>Vous pouvez g\u00e9rer vos pr\u00e9f\u00e9rences en mati\u00e8re de cookies par le biais des param\u00e8tres de votre navigateur. La plupart des navigateurs vous permettent de : <\/p>\n<ul>\n<li>Voir les cookies stock\u00e9s sur votre appareil.<\/li>\n<li>Supprimez des cookies sp\u00e9cifiques ou tous les cookies.<\/li>\n<li>Bloquer les cookies de tiers.<\/li>\n<li>Bloquez tous les cookies.<\/li>\n<\/ul>\n<p>Veuillez noter que la d\u00e9sactivation des cookies peut affecter les performances et la fonctionnalit\u00e9 de notre site web.<\/p>\n<h3><span style=\"color: #000000;\">Modifications de la pr\u00e9sente politique en mati\u00e8re de cookies<\/span><\/h3>\n<p>Nous pouvons mettre \u00e0 jour la pr\u00e9sente politique en mati\u00e8re de cookies de temps \u00e0 autre. Toute modification sera publi\u00e9e sur cette page avec une date d&rsquo;entr\u00e9e en vigueur actualis\u00e9e. <\/p>\n<h3><span style=\"color: #000000;\">Contactez nous<\/span><\/h3>\n<p>Si vous avez des questions sur la pr\u00e9sente politique en mati\u00e8re de cookies ou sur notre utilisation des cookies, veuillez nous contacter \u00e0 l&rsquo;adresse suivante :<\/p>\n<ul>\n<li><strong>Courriel :<\/strong> <a href=\"mailto:support@beebuycoin.com\">support@beebuycoin.com<\/a><\/li>\n<li><strong>Adresse :<\/strong> BeeBuy Coin<br>N\u00b0 RCCM : CA\/BG 2025B1260 Centre ville Bangui Centrafrique<\/li>\n<\/ul>\n<p><strong><br>Date d&rsquo;entr\u00e9e en vigueur<\/strong>: La pr\u00e9sente politique en mati\u00e8re de cookies entre en vigueur le 01\/06\/2025.<\/p>\n<p><strong>Conformit\u00e9 juridique<\/strong>: La pr\u00e9sente politique en mati\u00e8re de cookies est conforme aux r\u00e9glementations applicables en mati\u00e8re de protection des donn\u00e9es en R\u00e9publique centrafricaine et s&rsquo;aligne sur les normes internationales.<\/p>    <\/div>\n<\/div>\n<!-- \/module text -->        <\/div>\n                    <\/div>\n                <\/div>\n                        <\/div>\n        <\/div>\n        <\/div>\n<!--\/themify_builder_content-->","protected":false},"excerpt":{"rendered":"<p>Politique en mati\u00e8re de cookies Introduction BeeBuy Coin s&rsquo;engage \u00e0 prot\u00e9ger votre vie priv\u00e9e et \u00e0 assurer la transparence sur la mani\u00e8re dont nous utilisons les cookies sur notre site web. Cette politique en mati\u00e8re de cookies explique ce que sont les cookies, comment nous les utilisons et quels sont vos choix concernant leur utilisation, [&hellip;]<\/p>\n","protected":false},"author":3,"featured_media":0,"parent":0,"menu_order":0,"comment_status":"closed","ping_status":"closed","template":"","meta":{"footnotes":""},"class_list":["post-1522","page","type-page","status-publish","hentry","has-post-title","has-post-date","has-post-category","has-post-tag","has-post-comment","has-post-author",""],"yoast_head":"<!-- This site is optimized with the Yoast SEO plugin v27.4 - https:\/\/yoast.com\/product\/yoast-seo-wordpress\/ -->\n<title>Politique en mati\u00e8re de cookies - beebuycoin.com<\/title>\n<meta name=\"robots\" content=\"index, follow, max-snippet:-1, max-image-preview:large, max-video-preview:-1\" \/>\n<link rel=\"canonical\" href=\"https:\/\/beebuycoin.com\/fr\/politique-en-matiere-de-cookies\/\" \/>\n<meta property=\"og:locale\" content=\"fr_FR\" \/>\n<meta property=\"og:type\" content=\"article\" \/>\n<meta property=\"og:title\" content=\"Politique en mati\u00e8re de cookies - beebuycoin.com\" \/>\n<meta property=\"og:description\" content=\"Politique en mati\u00e8re de cookies Introduction BeeBuy Coin s&rsquo;engage \u00e0 prot\u00e9ger votre vie priv\u00e9e et \u00e0 assurer la transparence sur la mani\u00e8re dont nous utilisons les cookies sur notre site web. Cette politique en mati\u00e8re de cookies explique ce que sont les cookies, comment nous les utilisons et quels sont vos choix concernant leur utilisation, [&hellip;]\" \/>\n<meta property=\"og:url\" content=\"https:\/\/beebuycoin.com\/fr\/politique-en-matiere-de-cookies\/\" \/>\n<meta property=\"og:site_name\" content=\"beebuycoin.com\" \/>\n<meta property=\"article:publisher\" content=\"https:\/\/www.facebook.com\/people\/beebuy-coin\/61560269860545\/\" \/>\n<meta property=\"article:modified_time\" content=\"2025-07-01T14:08:08+00:00\" \/>\n<meta property=\"og:image\" content=\"https:\/\/beebuycoin.com\/wp-content\/uploads\/2024\/06\/beebuy-coin-1.webp\" \/>\n\t<meta property=\"og:image:width\" content=\"512\" \/>\n\t<meta property=\"og:image:height\" content=\"512\" \/>\n\t<meta property=\"og:image:type\" content=\"image\/webp\" \/>\n<meta name=\"twitter:card\" content=\"summary_large_image\" \/>\n<meta name=\"twitter:site\" content=\"@beebuycoin\" \/>\n<meta name=\"twitter:label1\" content=\"Dur\u00e9e de lecture estim\u00e9e\" \/>\n\t<meta name=\"twitter:data1\" content=\"3 minutes\" \/>\n<script type=\"application\/ld+json\" class=\"yoast-schema-graph\">{\"@context\":\"https:\\\/\\\/schema.org\",\"@graph\":[{\"@type\":\"WebPage\",\"@id\":\"https:\\\/\\\/beebuycoin.com\\\/fr\\\/politique-en-matiere-de-cookies\\\/\",\"url\":\"https:\\\/\\\/beebuycoin.com\\\/fr\\\/politique-en-matiere-de-cookies\\\/\",\"name\":\"Politique en mati\u00e8re de cookies - beebuycoin.com\",\"isPartOf\":{\"@id\":\"https:\\\/\\\/beebuycoin.com\\\/fr\\\/#website\"},\"datePublished\":\"2024-06-07T23:00:47+00:00\",\"dateModified\":\"2025-07-01T14:08:08+00:00\",\"breadcrumb\":{\"@id\":\"https:\\\/\\\/beebuycoin.com\\\/fr\\\/politique-en-matiere-de-cookies\\\/#breadcrumb\"},\"inLanguage\":\"fr-FR\",\"potentialAction\":[{\"@type\":\"ReadAction\",\"target\":[\"https:\\\/\\\/beebuycoin.com\\\/fr\\\/politique-en-matiere-de-cookies\\\/\"]}]},{\"@type\":\"BreadcrumbList\",\"@id\":\"https:\\\/\\\/beebuycoin.com\\\/fr\\\/politique-en-matiere-de-cookies\\\/#breadcrumb\",\"itemListElement\":[{\"@type\":\"ListItem\",\"position\":1,\"name\":\"Home\",\"item\":\"https:\\\/\\\/beebuycoin.com\\\/fr\\\/\"},{\"@type\":\"ListItem\",\"position\":2,\"name\":\"Politique en mati\u00e8re de cookies\"}]},{\"@type\":\"WebSite\",\"@id\":\"https:\\\/\\\/beebuycoin.com\\\/fr\\\/#website\",\"url\":\"https:\\\/\\\/beebuycoin.com\\\/fr\\\/\",\"name\":\"beebuycoin.com\",\"description\":\"Empower Your Future with BeeBuy Coin\",\"publisher\":{\"@id\":\"https:\\\/\\\/beebuycoin.com\\\/fr\\\/#organization\"},\"alternateName\":\"BBCoin\",\"potentialAction\":[{\"@type\":\"SearchAction\",\"target\":{\"@type\":\"EntryPoint\",\"urlTemplate\":\"https:\\\/\\\/beebuycoin.com\\\/fr\\\/?s={search_term_string}\"},\"query-input\":{\"@type\":\"PropertyValueSpecification\",\"valueRequired\":true,\"valueName\":\"search_term_string\"}}],\"inLanguage\":\"fr-FR\"},{\"@type\":\"Organization\",\"@id\":\"https:\\\/\\\/beebuycoin.com\\\/fr\\\/#organization\",\"name\":\"beebuycoin.com\",\"alternateName\":\"BBCoin\",\"url\":\"https:\\\/\\\/beebuycoin.com\\\/fr\\\/\",\"logo\":{\"@type\":\"ImageObject\",\"inLanguage\":\"fr-FR\",\"@id\":\"https:\\\/\\\/beebuycoin.com\\\/fr\\\/#\\\/schema\\\/logo\\\/image\\\/\",\"url\":\"https:\\\/\\\/beebuycoin.com\\\/wp-content\\\/uploads\\\/2024\\\/06\\\/beebuy-coin-1.webp\",\"contentUrl\":\"https:\\\/\\\/beebuycoin.com\\\/wp-content\\\/uploads\\\/2024\\\/06\\\/beebuy-coin-1.webp\",\"width\":512,\"height\":512,\"caption\":\"beebuycoin.com\"},\"image\":{\"@id\":\"https:\\\/\\\/beebuycoin.com\\\/fr\\\/#\\\/schema\\\/logo\\\/image\\\/\"},\"sameAs\":[\"https:\\\/\\\/www.facebook.com\\\/people\\\/beebuy-coin\\\/61560269860545\\\/\",\"https:\\\/\\\/x.com\\\/beebuycoin\",\"https:\\\/\\\/t.me\\\/beebuycoin\",\"https:\\\/\\\/www.linkedin.com\\\/in\\\/beebuy-coin-beebuy-coin-406050213\\\/\",\"https:\\\/\\\/www.instagram.com\\\/beebuycoin_\\\/\",\"https:\\\/\\\/www.youtube.com\\\/@beebuycoin\",\"https:\\\/\\\/www.tiktok.com\\\/@beebuycoin\"]}]}<\/script>\n<!-- \/ Yoast SEO plugin. -->","yoast_head_json":{"title":"Politique en mati\u00e8re de cookies - beebuycoin.com","robots":{"index":"index","follow":"follow","max-snippet":"max-snippet:-1","max-image-preview":"max-image-preview:large","max-video-preview":"max-video-preview:-1"},"canonical":"https:\/\/beebuycoin.com\/fr\/politique-en-matiere-de-cookies\/","og_locale":"fr_FR","og_type":"article","og_title":"Politique en mati\u00e8re de cookies - beebuycoin.com","og_description":"Politique en mati\u00e8re de cookies Introduction BeeBuy Coin s&rsquo;engage \u00e0 prot\u00e9ger votre vie priv\u00e9e et \u00e0 assurer la transparence sur la mani\u00e8re dont nous utilisons les cookies sur notre site web. Cette politique en mati\u00e8re de cookies explique ce que sont les cookies, comment nous les utilisons et quels sont vos choix concernant leur utilisation, [&hellip;]","og_url":"https:\/\/beebuycoin.com\/fr\/politique-en-matiere-de-cookies\/","og_site_name":"beebuycoin.com","article_publisher":"https:\/\/www.facebook.com\/people\/beebuy-coin\/61560269860545\/","article_modified_time":"2025-07-01T14:08:08+00:00","og_image":[{"width":512,"height":512,"url":"https:\/\/beebuycoin.com\/wp-content\/uploads\/2024\/06\/beebuy-coin-1.webp","type":"image\/webp"}],"twitter_card":"summary_large_image","twitter_site":"@beebuycoin","twitter_misc":{"Dur\u00e9e de lecture estim\u00e9e":"3 minutes"},"schema":{"@context":"https:\/\/schema.org","@graph":[{"@type":"WebPage","@id":"https:\/\/beebuycoin.com\/fr\/politique-en-matiere-de-cookies\/","url":"https:\/\/beebuycoin.com\/fr\/politique-en-matiere-de-cookies\/","name":"Politique en mati\u00e8re de cookies - beebuycoin.com","isPartOf":{"@id":"https:\/\/beebuycoin.com\/fr\/#website"},"datePublished":"2024-06-07T23:00:47+00:00","dateModified":"2025-07-01T14:08:08+00:00","breadcrumb":{"@id":"https:\/\/beebuycoin.com\/fr\/politique-en-matiere-de-cookies\/#breadcrumb"},"inLanguage":"fr-FR","potentialAction":[{"@type":"ReadAction","target":["https:\/\/beebuycoin.com\/fr\/politique-en-matiere-de-cookies\/"]}]},{"@type":"BreadcrumbList","@id":"https:\/\/beebuycoin.com\/fr\/politique-en-matiere-de-cookies\/#breadcrumb","itemListElement":[{"@type":"ListItem","position":1,"name":"Home","item":"https:\/\/beebuycoin.com\/fr\/"},{"@type":"ListItem","position":2,"name":"Politique en mati\u00e8re de cookies"}]},{"@type":"WebSite","@id":"https:\/\/beebuycoin.com\/fr\/#website","url":"https:\/\/beebuycoin.com\/fr\/","name":"beebuycoin.com","description":"Empower Your Future with BeeBuy Coin","publisher":{"@id":"https:\/\/beebuycoin.com\/fr\/#organization"},"alternateName":"BBCoin","potentialAction":[{"@type":"SearchAction","target":{"@type":"EntryPoint","urlTemplate":"https:\/\/beebuycoin.com\/fr\/?s={search_term_string}"},"query-input":{"@type":"PropertyValueSpecification","valueRequired":true,"valueName":"search_term_string"}}],"inLanguage":"fr-FR"},{"@type":"Organization","@id":"https:\/\/beebuycoin.com\/fr\/#organization","name":"beebuycoin.com","alternateName":"BBCoin","url":"https:\/\/beebuycoin.com\/fr\/","logo":{"@type":"ImageObject","inLanguage":"fr-FR","@id":"https:\/\/beebuycoin.com\/fr\/#\/schema\/logo\/image\/","url":"https:\/\/beebuycoin.com\/wp-content\/uploads\/2024\/06\/beebuy-coin-1.webp","contentUrl":"https:\/\/beebuycoin.com\/wp-content\/uploads\/2024\/06\/beebuy-coin-1.webp","width":512,"height":512,"caption":"beebuycoin.com"},"image":{"@id":"https:\/\/beebuycoin.com\/fr\/#\/schema\/logo\/image\/"},"sameAs":["https:\/\/www.facebook.com\/people\/beebuy-coin\/61560269860545\/","https:\/\/x.com\/beebuycoin","https:\/\/t.me\/beebuycoin","https:\/\/www.linkedin.com\/in\/beebuy-coin-beebuy-coin-406050213\/","https:\/\/www.instagram.com\/beebuycoin_\/","https:\/\/www.youtube.com\/@beebuycoin","https:\/\/www.tiktok.com\/@beebuycoin"]}]}},"_links":{"self":[{"href":"https:\/\/beebuycoin.com\/fr\/wp-json\/wp\/v2\/pages\/1522","targetHints":{"allow":["GET"]}}],"collection":[{"href":"https:\/\/beebuycoin.com\/fr\/wp-json\/wp\/v2\/pages"}],"about":[{"href":"https:\/\/beebuycoin.com\/fr\/wp-json\/wp\/v2\/types\/page"}],"author":[{"embeddable":true,"href":"https:\/\/beebuycoin.com\/fr\/wp-json\/wp\/v2\/users\/3"}],"replies":[{"embeddable":true,"href":"https:\/\/beebuycoin.com\/fr\/wp-json\/wp\/v2\/comments?post=1522"}],"version-history":[{"count":2,"href":"https:\/\/beebuycoin.com\/fr\/wp-json\/wp\/v2\/pages\/1522\/revisions"}],"predecessor-version":[{"id":1524,"href":"https:\/\/beebuycoin.com\/fr\/wp-json\/wp\/v2\/pages\/1522\/revisions\/1524"}],"wp:attachment":[{"href":"https:\/\/beebuycoin.com\/fr\/wp-json\/wp\/v2\/media?parent=1522"}],"curies":[{"name":"wp","href":"https:\/\/api.w.org\/{rel}","templated":true}]}}