{"id":1520,"date":"2021-03-23T05:54:29","date_gmt":"2021-03-23T05:54:29","guid":{"rendered":"https:\/\/beebuycoin.com\/contact\/"},"modified":"2026-04-02T16:20:28","modified_gmt":"2026-04-02T16:20:28","slug":"contact","status":"publish","type":"page","link":"https:\/\/beebuycoin.com\/fr\/contact\/","title":{"rendered":"Contact"},"content":{"rendered":"<!--themify_builder_content-->\n<div id=\"themify_builder_content-1520\" data-postid=\"1520\" class=\"themify_builder_content themify_builder_content-1520 themify_builder tf_clear\">\n                    <div  data-anchor=\"welcome\" data-lazy=\"1\" class=\"module_row themify_builder_row tb_has_section tb_section-welcome tb_avfx177 tb_first tf_w\">\n            <span  class=\"builder_row_cover tf_abs\" data-lazy=\"1\"><\/span><span class=\"tb_row_frame_wrap tf_overflow tf_abs\" data-lazy=\"1\"><span class=\"tb_row_frame tb_row_frame_bottom in_front tf_abs tf_hide tf_overflow tf_w\"><\/span><\/span>            <div class=\"row_inner col_align_top tb_col_count_2 tf_box tf_rel\">\n                        <div  data-lazy=\"1\" class=\"module_column tb-column col4-2 tb_lvml890 first\">\n                    <!-- module text -->\n<div  class=\"module module-text tb_ub6u886   \" data-lazy=\"1\">\n        <div  class=\"tb_text_wrap\">\n        <h1>Contactez BeeBuy Coin<\/h1>    <\/div>\n<\/div>\n<!-- \/module text -->        <\/div>\n                    <div  data-lazy=\"1\" class=\"module_column tb-column col4-2 tb_ys9n177 last\">\n                            <\/div>\n                        <\/div>\n        <\/div>\n                        <div  data-lazy=\"1\" class=\"module_row themify_builder_row tb_bozg572 tf_w\">\n                        <div class=\"row_inner col_align_top tb_col_count_1 tf_box tf_rel\">\n                        <div  data-lazy=\"1\" class=\"module_column tb-column col-full tb_g3u5572 first\">\n                    <!-- module text -->\n<div  class=\"module module-text tb_5kuv572   \" data-lazy=\"1\">\n        <div  class=\"tb_text_wrap\">\n        <p>Notre \u00e9quipe d&rsquo;assistance est \u00e0 votre disposition pour r\u00e9pondre \u00e0 toutes vos questions, y compris sur les partenariats, l&rsquo;assistance technique et la collaboration institutionnelle.<br>Vous pouvez nous contacter en remplissant le formulaire ci-dessous ou en utilisant nos canaux de communication officiels.<\/p>    <\/div>\n<\/div>\n<!-- \/module text -->        <\/div>\n                        <\/div>\n        <\/div>\n                        <div  data-css_id=\"5ksy98\" data-lazy=\"1\" class=\"module_row themify_builder_row fullwidth_row_container tb_5ksy98 tf_w\">\n                        <div class=\"row_inner col_align_middle tb_col_count_2 tf_box tf_rel\">\n                        <div  data-lazy=\"1\" class=\"module_column tb-column col3-1 tb_b0x8348 first\">\n                    <!-- module plain text -->\n<div  class=\"module module-plain-text tb_b8wm348 \" data-lazy=\"1\">\n        <div class=\"tb_text_wrap\">\n    \n<div class=\"wpcf7 no-js\" id=\"wpcf7-f1548-o1\" lang=\"fr-FR\" dir=\"ltr\" data-wpcf7-id=\"1548\">\n<div class=\"screen-reader-response\"><p role=\"status\" aria-live=\"polite\" aria-atomic=\"true\"><\/p> <ul><\/ul><\/div>\n<form action=\"\/fr\/wp-json\/wp\/v2\/pages\/1520#wpcf7-f1548-o1\" method=\"post\" class=\"wpcf7-form init\" aria-label=\"Formulaire de contact\" novalidate=\"novalidate\" data-status=\"init\">\n<fieldset class=\"hidden-fields-container\"><input type=\"hidden\" name=\"_wpcf7\" value=\"1548\" \/><input type=\"hidden\" name=\"_wpcf7_version\" value=\"6.1.5\" \/><input type=\"hidden\" name=\"_wpcf7_locale\" value=\"fr_FR\" \/><input type=\"hidden\" name=\"_wpcf7_unit_tag\" value=\"wpcf7-f1548-o1\" \/><input type=\"hidden\" name=\"_wpcf7_container_post\" value=\"0\" \/><input type=\"hidden\" name=\"_wpcf7_posted_data_hash\" value=\"\" \/>\n<\/fieldset>\n<div>\n\t<div>\n\t\t<p><span class=\"wpcf7-form-control-wrap\" data-name=\"your-name\"><input size=\"40\" maxlength=\"400\" class=\"wpcf7-form-control wpcf7-text wpcf7-validates-as-required\" aria-required=\"true\" aria-invalid=\"false\" placeholder=\"Nom et pr\u00e9nom *\" value=\"\" type=\"text\" name=\"your-name\" \/><\/span><span class=\"wpcf7-form-control-wrap\" data-name=\"your-email\"><input size=\"40\" maxlength=\"400\" class=\"wpcf7-form-control wpcf7-email wpcf7-validates-as-required wpcf7-text wpcf7-validates-as-email\" aria-required=\"true\" aria-invalid=\"false\" placeholder=\"Adresse e-mail *\" value=\"\" type=\"email\" name=\"your-email\" \/><\/span>\n\t\t<\/p>\n\t<\/div>\n\t<div>\n\t\t<p><span class=\"wpcf7-form-control-wrap\" data-name=\"tel-your-tel\"><input size=\"40\" maxlength=\"400\" class=\"wpcf7-form-control wpcf7-tel wpcf7-text wpcf7-validates-as-tel\" aria-invalid=\"false\" placeholder=\"Tel No.\" value=\"\" type=\"tel\" name=\"tel-your-tel\" \/><\/span><span class=\"wpcf7-form-control-wrap\" data-name=\"your-subject\"><input size=\"40\" maxlength=\"400\" class=\"wpcf7-form-control wpcf7-text wpcf7-validates-as-required\" aria-required=\"true\" aria-invalid=\"false\" placeholder=\"Subject *\" value=\"\" type=\"text\" name=\"your-subject\" \/><\/span>\n\t\t<\/p>\n\t<\/div>\n\t<div>\n\t\t<p><span class=\"wpcf7-form-control-wrap\" data-name=\"your-message\"><textarea cols=\"40\" rows=\"10\" maxlength=\"2000\" class=\"wpcf7-form-control wpcf7-textarea\" aria-invalid=\"false\" placeholder=\"Votre message *\" name=\"your-message\"><\/textarea><\/span>\n\t\t<\/p>\n\t<\/div>\n\t<div style=\"padding-right: 5px; padding-bottom: 5px; color: #ff0000; font-size: 9pt;\">\n\t\t<p>Les champs marqu\u00e9s d'un (*) sont obligatoires <span class=\"wpcf7-form-control-wrap\" data-name=\"acceptance\"><span class=\"wpcf7-form-control wpcf7-acceptance\"><span class=\"wpcf7-list-item\"><label><input type=\"checkbox\" name=\"acceptance\" value=\"1\" aria-invalid=\"false\" \/><span class=\"wpcf7-list-item-label\">J'accepte la <a style=\"color: #ffa022;\" href=\"\/privacy-policy\/\"><span>politique de confidentialit\u00e9 <\/span><\/a><\/span><\/label><\/span><\/span><\/span>\n\t\t<\/p>\n\t<\/div>\n\t<p><input class=\"wpcf7-form-control wpcf7-submit has-spinner\" type=\"submit\" value=\"Envoyer le message\" \/>\n\t<\/p>\n<\/div><div class=\"wpcf7-response-output\" aria-hidden=\"true\"><\/div>\n<\/form>\n<\/div>\n    <\/div>\n<\/div>\n<!-- \/module plain text -->        <\/div>\n                    <div  data-lazy=\"1\" class=\"module_column tb-column col3-1 tb_rceg418 last\">\n                            <div  data-lazy=\"1\" class=\"module_subrow themify_builder_sub_row tf_w col_align_top tb_col_count_1 tb_5y70819\">\n                <div  data-lazy=\"1\" class=\"module_column sub_column col-full tb_g22z821 first\">\n                    <!-- module divider -->\n<div  class=\"module tf_mw module-divider tb_vqr2686 solid  divider-custom divider-left\" style=\"border-width: 5px;border-color: #ffffff;margin-bottom: 15px;max-width: 100px;\" data-lazy=\"1\">\n    <\/div>\n<!-- \/module divider -->\n<!-- module text -->\n<div  class=\"module module-text tb_6eim665   \" data-lazy=\"1\">\n        <div  class=\"tb_text_wrap\">\n        <p>Courriel : <a href=\"mailto:support@beebuycoin.com\">support@beebuycoin.com<\/a><\/p>\n<p>Site web : <a href=\"https:\/\/beebuycoin.com\/fr\/\">www.beebuycoin.com<\/a><\/p>    <\/div>\n<\/div>\n<!-- \/module text --><!-- module divider -->\n<div  class=\"module tf_mw module-divider tb_wgx084 solid  divider-custom divider-left\" style=\"border-width: 5px;border-color: #ffffff;margin-top: 10px;margin-bottom: 15px;max-width: 100px;\" data-lazy=\"1\">\n    <\/div>\n<!-- \/module divider -->\n<!-- module text -->\n<div  class=\"module module-text tb_nw68389   \" data-lazy=\"1\">\n        <div  class=\"tb_text_wrap\">\n        <p>Nous nous engageons \u00e0 fournir des r\u00e9ponses rapides et professionnelles \u00e0 toutes les demandes.<br>Pour les demandes de partenariat et les demandes institutionnelles, veuillez vous assurer d&rsquo;inclure les d\u00e9tails pertinents pour nous aider \u00e0 diriger votre demande de mani\u00e8re efficace.<\/p>    <\/div>\n<\/div>\n<!-- \/module text --><!-- module text -->\n<div  class=\"module module-text tb_3vdb462   \" data-lazy=\"1\">\n        <div  class=\"tb_text_wrap\">\n        <p>Merci d&rsquo;avoir choisi BeeBuy Coin<\/p>    <\/div>\n<\/div>\n<!-- \/module text -->        <\/div>\n                    <\/div>\n                <\/div>\n                        <\/div>\n        <\/div>\n        <\/div>\n<!--\/themify_builder_content-->","protected":false},"excerpt":{"rendered":"<p>Contactez BeeBuy Coin Notre \u00e9quipe d&rsquo;assistance est \u00e0 votre disposition pour r\u00e9pondre \u00e0 toutes vos questions, y compris sur les partenariats, l&rsquo;assistance technique et la collaboration institutionnelle.Vous pouvez nous contacter en remplissant le formulaire ci-dessous ou en utilisant nos canaux de communication officiels. Courriel : support@beebuycoin.com Site web : www.beebuycoin.com Nous nous engageons \u00e0 fournir [&hellip;]<\/p>\n","protected":false},"author":3,"featured_media":0,"parent":0,"menu_order":0,"comment_status":"closed","ping_status":"closed","template":"","meta":{"footnotes":""},"class_list":["post-1520","page","type-page","status-publish","hentry","has-post-title","has-post-date","has-post-category","has-post-tag","has-post-comment","has-post-author",""],"yoast_head":"<!-- This site is optimized with the Yoast SEO plugin v27.4 - https:\/\/yoast.com\/product\/yoast-seo-wordpress\/ -->\n<title>Contact - beebuycoin.com<\/title>\n<meta name=\"robots\" content=\"index, follow, max-snippet:-1, max-image-preview:large, max-video-preview:-1\" \/>\n<link rel=\"canonical\" href=\"https:\/\/beebuycoin.com\/fr\/contact\/\" \/>\n<meta property=\"og:locale\" content=\"fr_FR\" \/>\n<meta property=\"og:type\" content=\"article\" \/>\n<meta property=\"og:title\" content=\"Contact - beebuycoin.com\" \/>\n<meta property=\"og:description\" content=\"Contactez BeeBuy Coin Notre \u00e9quipe d&rsquo;assistance est \u00e0 votre disposition pour r\u00e9pondre \u00e0 toutes vos questions, y compris sur les partenariats, l&rsquo;assistance technique et la collaboration institutionnelle.Vous pouvez nous contacter en remplissant le formulaire ci-dessous ou en utilisant nos canaux de communication officiels. Courriel : support@beebuycoin.com Site web : www.beebuycoin.com Nous nous engageons \u00e0 fournir [&hellip;]\" \/>\n<meta property=\"og:url\" content=\"https:\/\/beebuycoin.com\/fr\/contact\/\" \/>\n<meta property=\"og:site_name\" content=\"beebuycoin.com\" \/>\n<meta property=\"article:publisher\" content=\"https:\/\/www.facebook.com\/people\/beebuy-coin\/61560269860545\/\" \/>\n<meta property=\"article:modified_time\" content=\"2026-04-02T16:20:28+00:00\" \/>\n<meta property=\"og:image\" content=\"https:\/\/beebuycoin.com\/wp-content\/uploads\/2024\/06\/beebuy-coin-1.webp\" \/>\n\t<meta property=\"og:image:width\" content=\"512\" \/>\n\t<meta property=\"og:image:height\" content=\"512\" \/>\n\t<meta property=\"og:image:type\" content=\"image\/webp\" \/>\n<meta name=\"twitter:card\" content=\"summary_large_image\" \/>\n<meta name=\"twitter:site\" content=\"@beebuycoin\" \/>\n<meta name=\"twitter:label1\" content=\"Dur\u00e9e de lecture estim\u00e9e\" \/>\n\t<meta name=\"twitter:data1\" content=\"1 minute\" \/>\n<script type=\"application\/ld+json\" class=\"yoast-schema-graph\">{\"@context\":\"https:\\\/\\\/schema.org\",\"@graph\":[{\"@type\":\"WebPage\",\"@id\":\"https:\\\/\\\/beebuycoin.com\\\/fr\\\/contact\\\/\",\"url\":\"https:\\\/\\\/beebuycoin.com\\\/fr\\\/contact\\\/\",\"name\":\"Contact - beebuycoin.com\",\"isPartOf\":{\"@id\":\"https:\\\/\\\/beebuycoin.com\\\/fr\\\/#website\"},\"datePublished\":\"2021-03-23T05:54:29+00:00\",\"dateModified\":\"2026-04-02T16:20:28+00:00\",\"breadcrumb\":{\"@id\":\"https:\\\/\\\/beebuycoin.com\\\/fr\\\/contact\\\/#breadcrumb\"},\"inLanguage\":\"fr-FR\",\"potentialAction\":[{\"@type\":\"ReadAction\",\"target\":[\"https:\\\/\\\/beebuycoin.com\\\/fr\\\/contact\\\/\"]}]},{\"@type\":\"BreadcrumbList\",\"@id\":\"https:\\\/\\\/beebuycoin.com\\\/fr\\\/contact\\\/#breadcrumb\",\"itemListElement\":[{\"@type\":\"ListItem\",\"position\":1,\"name\":\"Home\",\"item\":\"https:\\\/\\\/beebuycoin.com\\\/fr\\\/\"},{\"@type\":\"ListItem\",\"position\":2,\"name\":\"Contact\"}]},{\"@type\":\"WebSite\",\"@id\":\"https:\\\/\\\/beebuycoin.com\\\/fr\\\/#website\",\"url\":\"https:\\\/\\\/beebuycoin.com\\\/fr\\\/\",\"name\":\"beebuycoin.com\",\"description\":\"Empower Your Future with BeeBuy Coin\",\"publisher\":{\"@id\":\"https:\\\/\\\/beebuycoin.com\\\/fr\\\/#organization\"},\"alternateName\":\"BBCoin\",\"potentialAction\":[{\"@type\":\"SearchAction\",\"target\":{\"@type\":\"EntryPoint\",\"urlTemplate\":\"https:\\\/\\\/beebuycoin.com\\\/fr\\\/?s={search_term_string}\"},\"query-input\":{\"@type\":\"PropertyValueSpecification\",\"valueRequired\":true,\"valueName\":\"search_term_string\"}}],\"inLanguage\":\"fr-FR\"},{\"@type\":\"Organization\",\"@id\":\"https:\\\/\\\/beebuycoin.com\\\/fr\\\/#organization\",\"name\":\"beebuycoin.com\",\"alternateName\":\"BBCoin\",\"url\":\"https:\\\/\\\/beebuycoin.com\\\/fr\\\/\",\"logo\":{\"@type\":\"ImageObject\",\"inLanguage\":\"fr-FR\",\"@id\":\"https:\\\/\\\/beebuycoin.com\\\/fr\\\/#\\\/schema\\\/logo\\\/image\\\/\",\"url\":\"https:\\\/\\\/beebuycoin.com\\\/wp-content\\\/uploads\\\/2024\\\/06\\\/beebuy-coin-1.webp\",\"contentUrl\":\"https:\\\/\\\/beebuycoin.com\\\/wp-content\\\/uploads\\\/2024\\\/06\\\/beebuy-coin-1.webp\",\"width\":512,\"height\":512,\"caption\":\"beebuycoin.com\"},\"image\":{\"@id\":\"https:\\\/\\\/beebuycoin.com\\\/fr\\\/#\\\/schema\\\/logo\\\/image\\\/\"},\"sameAs\":[\"https:\\\/\\\/www.facebook.com\\\/people\\\/beebuy-coin\\\/61560269860545\\\/\",\"https:\\\/\\\/x.com\\\/beebuycoin\",\"https:\\\/\\\/t.me\\\/beebuycoin\",\"https:\\\/\\\/www.linkedin.com\\\/in\\\/beebuy-coin-beebuy-coin-406050213\\\/\",\"https:\\\/\\\/www.instagram.com\\\/beebuycoin_\\\/\",\"https:\\\/\\\/www.youtube.com\\\/@beebuycoin\",\"https:\\\/\\\/www.tiktok.com\\\/@beebuycoin\"]}]}<\/script>\n<!-- \/ Yoast SEO plugin. -->","yoast_head_json":{"title":"Contact - beebuycoin.com","robots":{"index":"index","follow":"follow","max-snippet":"max-snippet:-1","max-image-preview":"max-image-preview:large","max-video-preview":"max-video-preview:-1"},"canonical":"https:\/\/beebuycoin.com\/fr\/contact\/","og_locale":"fr_FR","og_type":"article","og_title":"Contact - beebuycoin.com","og_description":"Contactez BeeBuy Coin Notre \u00e9quipe d&rsquo;assistance est \u00e0 votre disposition pour r\u00e9pondre \u00e0 toutes vos questions, y compris sur les partenariats, l&rsquo;assistance technique et la collaboration institutionnelle.Vous pouvez nous contacter en remplissant le formulaire ci-dessous ou en utilisant nos canaux de communication officiels. Courriel : support@beebuycoin.com Site web : www.beebuycoin.com Nous nous engageons \u00e0 fournir [&hellip;]","og_url":"https:\/\/beebuycoin.com\/fr\/contact\/","og_site_name":"beebuycoin.com","article_publisher":"https:\/\/www.facebook.com\/people\/beebuy-coin\/61560269860545\/","article_modified_time":"2026-04-02T16:20:28+00:00","og_image":[{"width":512,"height":512,"url":"https:\/\/beebuycoin.com\/wp-content\/uploads\/2024\/06\/beebuy-coin-1.webp","type":"image\/webp"}],"twitter_card":"summary_large_image","twitter_site":"@beebuycoin","twitter_misc":{"Dur\u00e9e de lecture estim\u00e9e":"1 minute"},"schema":{"@context":"https:\/\/schema.org","@graph":[{"@type":"WebPage","@id":"https:\/\/beebuycoin.com\/fr\/contact\/","url":"https:\/\/beebuycoin.com\/fr\/contact\/","name":"Contact - beebuycoin.com","isPartOf":{"@id":"https:\/\/beebuycoin.com\/fr\/#website"},"datePublished":"2021-03-23T05:54:29+00:00","dateModified":"2026-04-02T16:20:28+00:00","breadcrumb":{"@id":"https:\/\/beebuycoin.com\/fr\/contact\/#breadcrumb"},"inLanguage":"fr-FR","potentialAction":[{"@type":"ReadAction","target":["https:\/\/beebuycoin.com\/fr\/contact\/"]}]},{"@type":"BreadcrumbList","@id":"https:\/\/beebuycoin.com\/fr\/contact\/#breadcrumb","itemListElement":[{"@type":"ListItem","position":1,"name":"Home","item":"https:\/\/beebuycoin.com\/fr\/"},{"@type":"ListItem","position":2,"name":"Contact"}]},{"@type":"WebSite","@id":"https:\/\/beebuycoin.com\/fr\/#website","url":"https:\/\/beebuycoin.com\/fr\/","name":"beebuycoin.com","description":"Empower Your Future with BeeBuy Coin","publisher":{"@id":"https:\/\/beebuycoin.com\/fr\/#organization"},"alternateName":"BBCoin","potentialAction":[{"@type":"SearchAction","target":{"@type":"EntryPoint","urlTemplate":"https:\/\/beebuycoin.com\/fr\/?s={search_term_string}"},"query-input":{"@type":"PropertyValueSpecification","valueRequired":true,"valueName":"search_term_string"}}],"inLanguage":"fr-FR"},{"@type":"Organization","@id":"https:\/\/beebuycoin.com\/fr\/#organization","name":"beebuycoin.com","alternateName":"BBCoin","url":"https:\/\/beebuycoin.com\/fr\/","logo":{"@type":"ImageObject","inLanguage":"fr-FR","@id":"https:\/\/beebuycoin.com\/fr\/#\/schema\/logo\/image\/","url":"https:\/\/beebuycoin.com\/wp-content\/uploads\/2024\/06\/beebuy-coin-1.webp","contentUrl":"https:\/\/beebuycoin.com\/wp-content\/uploads\/2024\/06\/beebuy-coin-1.webp","width":512,"height":512,"caption":"beebuycoin.com"},"image":{"@id":"https:\/\/beebuycoin.com\/fr\/#\/schema\/logo\/image\/"},"sameAs":["https:\/\/www.facebook.com\/people\/beebuy-coin\/61560269860545\/","https:\/\/x.com\/beebuycoin","https:\/\/t.me\/beebuycoin","https:\/\/www.linkedin.com\/in\/beebuy-coin-beebuy-coin-406050213\/","https:\/\/www.instagram.com\/beebuycoin_\/","https:\/\/www.youtube.com\/@beebuycoin","https:\/\/www.tiktok.com\/@beebuycoin"]}]}},"_links":{"self":[{"href":"https:\/\/beebuycoin.com\/fr\/wp-json\/wp\/v2\/pages\/1520","targetHints":{"allow":["GET"]}}],"collection":[{"href":"https:\/\/beebuycoin.com\/fr\/wp-json\/wp\/v2\/pages"}],"about":[{"href":"https:\/\/beebuycoin.com\/fr\/wp-json\/wp\/v2\/types\/page"}],"author":[{"embeddable":true,"href":"https:\/\/beebuycoin.com\/fr\/wp-json\/wp\/v2\/users\/3"}],"replies":[{"embeddable":true,"href":"https:\/\/beebuycoin.com\/fr\/wp-json\/wp\/v2\/comments?post=1520"}],"version-history":[{"count":5,"href":"https:\/\/beebuycoin.com\/fr\/wp-json\/wp\/v2\/pages\/1520\/revisions"}],"predecessor-version":[{"id":1695,"href":"https:\/\/beebuycoin.com\/fr\/wp-json\/wp\/v2\/pages\/1520\/revisions\/1695"}],"wp:attachment":[{"href":"https:\/\/beebuycoin.com\/fr\/wp-json\/wp\/v2\/media?parent=1520"}],"curies":[{"name":"wp","href":"https:\/\/api.w.org\/{rel}","templated":true}]}}