{"id":1518,"date":"2021-03-22T09:08:05","date_gmt":"2021-03-22T09:08:05","guid":{"rendered":"https:\/\/beebuycoin.com\/a-propos-de-nous\/"},"modified":"2026-04-04T14:05:00","modified_gmt":"2026-04-04T14:05:00","slug":"a-propos-de-nous","status":"publish","type":"page","link":"https:\/\/beebuycoin.com\/fr\/a-propos-de-nous\/","title":{"rendered":"A propos de"},"content":{"rendered":"<!--themify_builder_content-->\n<div id=\"themify_builder_content-1518\" data-postid=\"1518\" class=\"themify_builder_content themify_builder_content-1518 themify_builder tf_clear\">\n                    <div  data-anchor=\"welcome\" data-lazy=\"1\" class=\"module_row themify_builder_row tb_has_section tb_section-welcome tb_44ka765 tb_first tf_w\">\n            <span  class=\"builder_row_cover tf_abs\" data-lazy=\"1\"><\/span><span class=\"tb_row_frame_wrap tf_overflow tf_abs\" data-lazy=\"1\"><span class=\"tb_row_frame tb_row_frame_bottom in_front tf_abs tf_hide tf_overflow tf_w\"><\/span><\/span>            <div class=\"row_inner col_align_top tb_col_count_2 tf_box tf_rel\">\n                        <div  data-lazy=\"1\" class=\"module_column tb-column col4-2 tb_xndx765 first\">\n                    <!-- module text -->\n<div  class=\"module module-text tb_alps765   \" data-lazy=\"1\">\n        <div  class=\"tb_text_wrap\">\n        <h1><span style=\"font-size: 40pt;\">A propos de nous<\/span><\/h1>    <\/div>\n<\/div>\n<!-- \/module text -->        <\/div>\n                    <div  data-lazy=\"1\" class=\"module_column tb-column col4-2 tb_4vww765 last\">\n                            <\/div>\n                        <\/div>\n        <\/div>\n                        <div  data-lazy=\"1\" class=\"module_row themify_builder_row tb_lyke919 tf_w\">\n                        <div class=\"row_inner col_align_top tb_col_count_1 tf_box tf_rel\">\n                        <div  data-lazy=\"1\" class=\"module_column tb-column col-full tb_guvz919 first\">\n                    <!-- module fancy heading -->\n<div  class=\"module module-fancy-heading tb_c5l0518  tb_hide_divider\" data-lazy=\"1\">\n        <h2 class=\"fancy-heading tf_textl\">\n    <span class=\"main-head tf_block\">\n                    A propos de nous            <\/span>\n\n    \n    <span class=\"sub-head tf_block tf_rel\">\n                                <\/span>\n    <\/h2>\n<\/div>\n<!-- \/module fancy heading -->\n<!-- module divider -->\n<div  class=\"module tf_mw module-divider tb_lvkj518 solid  divider-custom divider-left\" style=\"border-width: 8px;border-color: #e8c241;margin-bottom: 20px;max-width: 100px;\" data-lazy=\"1\">\n    <\/div>\n<!-- \/module divider -->\n<!-- module text -->\n<div  class=\"module module-text tb_cph4919   \" data-lazy=\"1\">\n        <div  class=\"tb_text_wrap\">\n        <p><strong>Bienvenue sur le site de BeeBuy Coin<\/strong><\/p>\n<p>BeeBuy Coin est une infrastructure financi\u00e8re num\u00e9rique d\u00e9velopp\u00e9e dans le cadre de l&rsquo;\u00e9cosyst\u00e8me Bee Global.<\/p>\n<p>Le projet est con\u00e7u pour offrir un environnement financier s\u00e9curis\u00e9, transparent et \u00e9volutif, bas\u00e9 sur des technologies de pointe, qui prend en charge les transactions num\u00e9riques et les int\u00e9grations r\u00e9elles dans de multiples secteurs.<\/p>\n<p>Notre mission est de construire un syst\u00e8me num\u00e9rique fiable, ax\u00e9 sur les actifs, qui am\u00e9liore l&rsquo;efficacit\u00e9, la confiance et l&rsquo;accessibilit\u00e9 des op\u00e9rations financi\u00e8res modernes.<\/p>\n<p>BeeBuy Coin est structur\u00e9 de mani\u00e8re \u00e0 relier la finance num\u00e9rique aux activit\u00e9s \u00e9conomiques r\u00e9elles, y compris le commerce, les projets de d\u00e9veloppement et les transactions transfrontali\u00e8res, permettant ainsi une exp\u00e9rience financi\u00e8re plus transparente et plus inclusive.<\/p>\n<p>La plateforme est d\u00e9velopp\u00e9e dans le respect des normes internationales de s\u00e9curit\u00e9, de conformit\u00e9 et de gouvernance, ce qui garantit un cadre op\u00e9rationnel contr\u00f4l\u00e9 et durable.<\/p>    <\/div>\n<\/div>\n<!-- \/module text -->        <\/div>\n                        <\/div>\n        <\/div>\n                        <div  data-lazy=\"1\" class=\"module_row themify_builder_row tb_njju518 tf_w\">\n            <span class=\"tb_row_frame_wrap tf_overflow tf_abs\" data-lazy=\"1\"><span class=\"tb_row_frame tb_row_frame_top  tf_abs tf_hide tf_overflow tf_w\"><\/span><\/span>            <div class=\"row_inner col_align_top tb_col_count_1 tf_box tf_rel\">\n                        <div  data-lazy=\"1\" class=\"module_column tb-column col-full tb_j0s8518 first\">\n                            <div  data-lazy=\"1\" class=\"module_subrow themify_builder_sub_row tf_w col_align_top tb_col_count_1 tb_7xzw518\">\n                <div  data-lazy=\"1\" class=\"module_column sub_column col-full tb_a82q518 first\">\n                    <!-- module fancy heading -->\n<div  class=\"module module-fancy-heading tb_23mn123  tb_hide_divider\" data-lazy=\"1\">\n        <h2 class=\"fancy-heading tf_textl\">\n    <span class=\"main-head tf_block\">\n                    Notre vision            <\/span>\n\n    \n    <span class=\"sub-head tf_block tf_rel\">\n                                <\/span>\n    <\/h2>\n<\/div>\n<!-- \/module fancy heading -->\n<!-- module divider -->\n<div  class=\"module tf_mw module-divider tb_60sw685 solid  divider-custom divider-left\" style=\"border-width: 8px;border-color: #e8c241;margin-bottom: 20px;max-width: 100px;\" data-lazy=\"1\">\n    <\/div>\n<!-- \/module divider -->\n<!-- module text -->\n<div  class=\"module module-text tb_4oyi518   \" data-lazy=\"1\">\n        <div  class=\"tb_text_wrap\">\n        <p>Chez BeeBuy Coin, nous envisageons un avenir o\u00f9 la finance num\u00e9rique est int\u00e9gr\u00e9e de mani\u00e8re transparente aux \u00e9conomies r\u00e9elles sur les march\u00e9s mondiaux.<\/p>\n<p>Notre objectif est de mettre en place une infrastructure financi\u00e8re num\u00e9rique fiable et \u00e9volutive qui favorise les transactions s\u00e9curis\u00e9es, am\u00e9liore l&rsquo;efficacit\u00e9 op\u00e9rationnelle et relie les syst\u00e8mes num\u00e9riques aux activit\u00e9s \u00e9conomiques r\u00e9elles.<\/p>\n<p>Gr\u00e2ce \u00e0 une technologie avanc\u00e9e et \u00e0 un cadre de gouvernance structur\u00e9, nous visons \u00e0 cr\u00e9er un environnement financier transparent, fiable et durable pour les utilisateurs, les entreprises et les partenaires institutionnels.<\/p>\n<p>BeeBuy Coin est con\u00e7u pour combler le foss\u00e9 entre les actifs num\u00e9riques et les cas d&rsquo;utilisation pratiques dans le commerce, le d\u00e9veloppement et les op\u00e9rations financi\u00e8res transfrontali\u00e8res.<\/p>    <\/div>\n<\/div>\n<!-- \/module text -->        <\/div>\n                    <\/div>\n                <\/div>\n                        <\/div>\n        <\/div>\n                        <div  data-lazy=\"1\" class=\"module_row themify_builder_row tb_7m76170 tf_w\">\n            <span class=\"tb_row_frame_wrap tf_overflow tf_abs\" data-lazy=\"1\"><span class=\"tb_row_frame tb_row_frame_top  tf_abs tf_hide tf_overflow tf_w\"><\/span><\/span>            <div class=\"row_inner col_align_top tb_col_count_1 tf_box tf_rel\">\n                        <div  data-lazy=\"1\" class=\"module_column tb-column col-full tb_kd5d624 first\">\n                            <div  data-lazy=\"1\" class=\"module_subrow themify_builder_sub_row tf_w col_align_top tb_col_count_1 tb_x53m624\">\n                <div  data-lazy=\"1\" class=\"module_column sub_column col-full tb_jlbr624 first\">\n                    <!-- module fancy heading -->\n<div  class=\"module module-fancy-heading tb_qcfw624  tb_hide_divider\" data-lazy=\"1\">\n        <h2 class=\"fancy-heading tf_textl\">\n    <span class=\"main-head tf_block\">\n                    Nos valeurs            <\/span>\n\n    \n    <span class=\"sub-head tf_block tf_rel\">\n                                <\/span>\n    <\/h2>\n<\/div>\n<!-- \/module fancy heading -->\n<!-- module divider -->\n<div  class=\"module tf_mw module-divider tb_usav28 solid  divider-custom divider-left\" style=\"border-width: 8px;border-color: #e8c241;margin-bottom: 20px;max-width: 100px;\" data-lazy=\"1\">\n    <\/div>\n<!-- \/module divider -->\n<!-- module text -->\n<div  class=\"module module-text tb_hakh624   \" data-lazy=\"1\">\n        <div  class=\"tb_text_wrap\">\n        <p><strong>L&rsquo;innovation :<\/strong> Faire \u00e9voluer la finance num\u00e9rique gr\u00e2ce \u00e0 une technologie de pointe et \u00e0 une int\u00e9gration dans le monde r\u00e9el.<\/p>\n<p><strong>S\u00e9curit\u00e9 :<\/strong> Appliquer des normes de protection \u00e9lev\u00e9es aux syst\u00e8mes, aux utilisateurs et aux op\u00e9rations financi\u00e8res.<\/p>\n<p><strong>Transparence :<\/strong> Assurer la clart\u00e9, la responsabilit\u00e9 et une gouvernance structur\u00e9e dans tous les processus.<\/p>\n<p><strong>Accessibilit\u00e9 financi\u00e8re :<\/strong> Soutenir un acc\u00e8s financier inclusif \u00e0 travers diff\u00e9rents march\u00e9s et segments d&rsquo;utilisateurs.<\/p>\n<p><strong>La confiance<\/strong>: Construire une cr\u00e9dibilit\u00e9 \u00e0 long terme gr\u00e2ce \u00e0 des op\u00e9rations responsables, \u00e0 l&rsquo;alignement de la conformit\u00e9 et \u00e0 des relations institutionnelles solides.<\/p>    <\/div>\n<\/div>\n<!-- \/module text -->        <\/div>\n                    <\/div>\n                <\/div>\n                        <\/div>\n        <\/div>\n                        <div  data-lazy=\"1\" class=\"module_row themify_builder_row tb_n653743 tf_w\">\n            <span class=\"tb_row_frame_wrap tf_overflow tf_abs\" data-lazy=\"1\"><span class=\"tb_row_frame tb_row_frame_top  tf_abs tf_hide tf_overflow tf_w\"><\/span><\/span>            <div class=\"row_inner col_align_top tb_col_count_1 tf_box tf_rel\">\n                        <div  data-lazy=\"1\" class=\"module_column tb-column col-full tb_37ao233 first\">\n                            <div  data-lazy=\"1\" class=\"module_subrow themify_builder_sub_row tf_w col_align_top tb_col_count_1 tb_qmpu233\">\n                <div  data-lazy=\"1\" class=\"module_column sub_column col-full tb_gpae233 first\">\n                    <!-- module fancy heading -->\n<div  class=\"module module-fancy-heading tb_8tpw233  tb_hide_divider\" data-lazy=\"1\">\n        <h2 class=\"fancy-heading tf_textl\">\n    <span class=\"main-head tf_block\">\n                    Notre \u00e9quipe            <\/span>\n\n    \n    <span class=\"sub-head tf_block tf_rel\">\n                                <\/span>\n    <\/h2>\n<\/div>\n<!-- \/module fancy heading -->\n<!-- module divider -->\n<div  class=\"module tf_mw module-divider tb_o1nj583 solid  divider-custom divider-left\" style=\"border-width: 8px;border-color: #e8c241;margin-bottom: 20px;max-width: 100px;\" data-lazy=\"1\">\n    <\/div>\n<!-- \/module divider -->\n<!-- module text -->\n<div  class=\"module module-text tb_qk3w233   \" data-lazy=\"1\">\n        <div  class=\"tb_text_wrap\">\n        <p>BeeBuy Coin est soutenu par une \u00e9quipe multidisciplinaire avec une expertise \u00e0 travers la technologie blockchain, les syst\u00e8mes financiers, la conformit\u00e9 r\u00e9glementaire et la cybers\u00e9curit\u00e9.<\/p>\n<p>Le projet est d\u00e9velopp\u00e9 gr\u00e2ce \u00e0 une collaboration structur\u00e9e entre des sp\u00e9cialistes de la technologie, des \u00e9quipes op\u00e9rationnelles et des conseillers strat\u00e9giques, ce qui garantit une approche \u00e9quilibr\u00e9e entre l&rsquo;innovation, la s\u00e9curit\u00e9 et l&rsquo;application dans le monde r\u00e9el.<\/p>\n<p>Notre objectif est de mettre en place une infrastructure financi\u00e8re num\u00e9rique fiable et \u00e9volutive, conforme aux normes internationales et favorisant la viabilit\u00e9 op\u00e9rationnelle \u00e0 long terme.<\/p>    <\/div>\n<\/div>\n<!-- \/module text -->        <\/div>\n                    <\/div>\n                <\/div>\n                        <\/div>\n        <\/div>\n                        <div  data-lazy=\"1\" class=\"module_row themify_builder_row tb_n1n6257 tf_w\">\n            <span class=\"tb_row_frame_wrap tf_overflow tf_abs\" data-lazy=\"1\"><span class=\"tb_row_frame tb_row_frame_top  tf_abs tf_hide tf_overflow tf_w\"><\/span><\/span>            <div class=\"row_inner col_align_top tb_col_count_1 tf_box tf_rel\">\n                        <div  data-lazy=\"1\" class=\"module_column tb-column col-full tb_0xw6745 first\">\n                            <div  data-lazy=\"1\" class=\"module_subrow themify_builder_sub_row tf_w col_align_top tb_col_count_1 tb_tb1k745\">\n                <div  data-lazy=\"1\" class=\"module_column sub_column col-full tb_3xkn745 first\">\n                    <!-- module fancy heading -->\n<div  class=\"module module-fancy-heading tb_v9s6745  tb_hide_divider\" data-lazy=\"1\">\n        <h2 class=\"fancy-heading tf_textl\">\n    <span class=\"main-head tf_block\">\n                    Rejoignez-nous            <\/span>\n\n    \n    <span class=\"sub-head tf_block tf_rel\">\n                                <\/span>\n    <\/h2>\n<\/div>\n<!-- \/module fancy heading -->\n<!-- module divider -->\n<div  class=\"module tf_mw module-divider tb_deur462 solid  divider-custom divider-left\" style=\"border-width: 8px;border-color: #e8c241;margin-bottom: 20px;max-width: 100px;\" data-lazy=\"1\">\n    <\/div>\n<!-- \/module divider -->\n<!-- module text -->\n<div  class=\"module module-text tb_mb5158   \" data-lazy=\"1\">\n        <div  class=\"tb_text_wrap\">\n        <p>Faites partie de l&rsquo;\u00e9cosyst\u00e8me BeeBuy Coin et contribuez \u00e0 fa\u00e7onner l&rsquo;avenir de la finance num\u00e9rique s\u00e9curis\u00e9e et int\u00e9gr\u00e9e.<\/p>\n<p>Que vous soyez un utilisateur, un d\u00e9veloppeur, un partenaire strat\u00e9gique ou une institution, BeeBuy Coin fournit un cadre con\u00e7u pour soutenir la collaboration, la croissance et l&rsquo;int\u00e9gration financi\u00e8re dans le monde r\u00e9el.<\/p>\n<p>Restez connect\u00e9 via nos canaux officiels pour recevoir des mises \u00e0 jour, des annonces et des opportunit\u00e9s li\u00e9es \u00e0 la plateforme.<\/p>    <\/div>\n<\/div>\n<!-- \/module text -->        <\/div>\n                    <\/div>\n                <\/div>\n                        <\/div>\n        <\/div>\n        <\/div>\n<!--\/themify_builder_content-->","protected":false},"excerpt":{"rendered":"<p>A propos de nous A propos de nous Bienvenue sur le site de BeeBuy Coin BeeBuy Coin est une infrastructure financi\u00e8re num\u00e9rique d\u00e9velopp\u00e9e dans le cadre de l&rsquo;\u00e9cosyst\u00e8me Bee Global. Le projet est con\u00e7u pour offrir un environnement financier s\u00e9curis\u00e9, transparent et \u00e9volutif, bas\u00e9 sur des technologies de pointe, qui prend en charge les transactions [&hellip;]<\/p>\n","protected":false},"author":3,"featured_media":0,"parent":0,"menu_order":0,"comment_status":"closed","ping_status":"closed","template":"","meta":{"footnotes":""},"class_list":["post-1518","page","type-page","status-publish","hentry","has-post-title","has-post-date","has-post-category","has-post-tag","has-post-comment","has-post-author",""],"yoast_head":"<!-- This site is optimized with the Yoast SEO plugin v27.4 - https:\/\/yoast.com\/product\/yoast-seo-wordpress\/ -->\n<title>A propos de - beebuycoin.com<\/title>\n<meta name=\"robots\" content=\"index, follow, max-snippet:-1, max-image-preview:large, max-video-preview:-1\" \/>\n<link rel=\"canonical\" href=\"https:\/\/beebuycoin.com\/fr\/a-propos-de-nous\/\" \/>\n<meta property=\"og:locale\" content=\"fr_FR\" \/>\n<meta property=\"og:type\" content=\"article\" \/>\n<meta property=\"og:title\" content=\"A propos de - beebuycoin.com\" \/>\n<meta property=\"og:description\" content=\"A propos de nous A propos de nous Bienvenue sur le site de BeeBuy Coin BeeBuy Coin est une infrastructure financi\u00e8re num\u00e9rique d\u00e9velopp\u00e9e dans le cadre de l&rsquo;\u00e9cosyst\u00e8me Bee Global. Le projet est con\u00e7u pour offrir un environnement financier s\u00e9curis\u00e9, transparent et \u00e9volutif, bas\u00e9 sur des technologies de pointe, qui prend en charge les transactions [&hellip;]\" \/>\n<meta property=\"og:url\" content=\"https:\/\/beebuycoin.com\/fr\/a-propos-de-nous\/\" \/>\n<meta property=\"og:site_name\" content=\"beebuycoin.com\" \/>\n<meta property=\"article:publisher\" content=\"https:\/\/www.facebook.com\/people\/beebuy-coin\/61560269860545\/\" \/>\n<meta property=\"article:modified_time\" content=\"2026-04-04T14:05:00+00:00\" \/>\n<meta property=\"og:image\" content=\"https:\/\/beebuycoin.com\/wp-content\/uploads\/2024\/06\/beebuy-coin-1.webp\" \/>\n\t<meta property=\"og:image:width\" content=\"512\" \/>\n\t<meta property=\"og:image:height\" content=\"512\" \/>\n\t<meta property=\"og:image:type\" content=\"image\/webp\" \/>\n<meta name=\"twitter:card\" content=\"summary_large_image\" \/>\n<meta name=\"twitter:site\" content=\"@beebuycoin\" \/>\n<meta name=\"twitter:label1\" content=\"Dur\u00e9e de lecture estim\u00e9e\" \/>\n\t<meta name=\"twitter:data1\" content=\"5 minutes\" \/>\n<script type=\"application\/ld+json\" class=\"yoast-schema-graph\">{\"@context\":\"https:\\\/\\\/schema.org\",\"@graph\":[{\"@type\":\"WebPage\",\"@id\":\"https:\\\/\\\/beebuycoin.com\\\/fr\\\/a-propos-de-nous\\\/\",\"url\":\"https:\\\/\\\/beebuycoin.com\\\/fr\\\/a-propos-de-nous\\\/\",\"name\":\"A propos de - beebuycoin.com\",\"isPartOf\":{\"@id\":\"https:\\\/\\\/beebuycoin.com\\\/fr\\\/#website\"},\"datePublished\":\"2021-03-22T09:08:05+00:00\",\"dateModified\":\"2026-04-04T14:05:00+00:00\",\"breadcrumb\":{\"@id\":\"https:\\\/\\\/beebuycoin.com\\\/fr\\\/a-propos-de-nous\\\/#breadcrumb\"},\"inLanguage\":\"fr-FR\",\"potentialAction\":[{\"@type\":\"ReadAction\",\"target\":[\"https:\\\/\\\/beebuycoin.com\\\/fr\\\/a-propos-de-nous\\\/\"]}]},{\"@type\":\"BreadcrumbList\",\"@id\":\"https:\\\/\\\/beebuycoin.com\\\/fr\\\/a-propos-de-nous\\\/#breadcrumb\",\"itemListElement\":[{\"@type\":\"ListItem\",\"position\":1,\"name\":\"Home\",\"item\":\"https:\\\/\\\/beebuycoin.com\\\/fr\\\/\"},{\"@type\":\"ListItem\",\"position\":2,\"name\":\"A propos de\"}]},{\"@type\":\"WebSite\",\"@id\":\"https:\\\/\\\/beebuycoin.com\\\/fr\\\/#website\",\"url\":\"https:\\\/\\\/beebuycoin.com\\\/fr\\\/\",\"name\":\"beebuycoin.com\",\"description\":\"Empower Your Future with BeeBuy Coin\",\"publisher\":{\"@id\":\"https:\\\/\\\/beebuycoin.com\\\/fr\\\/#organization\"},\"alternateName\":\"BBCoin\",\"potentialAction\":[{\"@type\":\"SearchAction\",\"target\":{\"@type\":\"EntryPoint\",\"urlTemplate\":\"https:\\\/\\\/beebuycoin.com\\\/fr\\\/?s={search_term_string}\"},\"query-input\":{\"@type\":\"PropertyValueSpecification\",\"valueRequired\":true,\"valueName\":\"search_term_string\"}}],\"inLanguage\":\"fr-FR\"},{\"@type\":\"Organization\",\"@id\":\"https:\\\/\\\/beebuycoin.com\\\/fr\\\/#organization\",\"name\":\"beebuycoin.com\",\"alternateName\":\"BBCoin\",\"url\":\"https:\\\/\\\/beebuycoin.com\\\/fr\\\/\",\"logo\":{\"@type\":\"ImageObject\",\"inLanguage\":\"fr-FR\",\"@id\":\"https:\\\/\\\/beebuycoin.com\\\/fr\\\/#\\\/schema\\\/logo\\\/image\\\/\",\"url\":\"https:\\\/\\\/beebuycoin.com\\\/wp-content\\\/uploads\\\/2024\\\/06\\\/beebuy-coin-1.webp\",\"contentUrl\":\"https:\\\/\\\/beebuycoin.com\\\/wp-content\\\/uploads\\\/2024\\\/06\\\/beebuy-coin-1.webp\",\"width\":512,\"height\":512,\"caption\":\"beebuycoin.com\"},\"image\":{\"@id\":\"https:\\\/\\\/beebuycoin.com\\\/fr\\\/#\\\/schema\\\/logo\\\/image\\\/\"},\"sameAs\":[\"https:\\\/\\\/www.facebook.com\\\/people\\\/beebuy-coin\\\/61560269860545\\\/\",\"https:\\\/\\\/x.com\\\/beebuycoin\",\"https:\\\/\\\/t.me\\\/beebuycoin\",\"https:\\\/\\\/www.linkedin.com\\\/in\\\/beebuy-coin-beebuy-coin-406050213\\\/\",\"https:\\\/\\\/www.instagram.com\\\/beebuycoin_\\\/\",\"https:\\\/\\\/www.youtube.com\\\/@beebuycoin\",\"https:\\\/\\\/www.tiktok.com\\\/@beebuycoin\"]}]}<\/script>\n<!-- \/ Yoast SEO plugin. -->","yoast_head_json":{"title":"A propos de - beebuycoin.com","robots":{"index":"index","follow":"follow","max-snippet":"max-snippet:-1","max-image-preview":"max-image-preview:large","max-video-preview":"max-video-preview:-1"},"canonical":"https:\/\/beebuycoin.com\/fr\/a-propos-de-nous\/","og_locale":"fr_FR","og_type":"article","og_title":"A propos de - beebuycoin.com","og_description":"A propos de nous A propos de nous Bienvenue sur le site de BeeBuy Coin BeeBuy Coin est une infrastructure financi\u00e8re num\u00e9rique d\u00e9velopp\u00e9e dans le cadre de l&rsquo;\u00e9cosyst\u00e8me Bee Global. Le projet est con\u00e7u pour offrir un environnement financier s\u00e9curis\u00e9, transparent et \u00e9volutif, bas\u00e9 sur des technologies de pointe, qui prend en charge les transactions [&hellip;]","og_url":"https:\/\/beebuycoin.com\/fr\/a-propos-de-nous\/","og_site_name":"beebuycoin.com","article_publisher":"https:\/\/www.facebook.com\/people\/beebuy-coin\/61560269860545\/","article_modified_time":"2026-04-04T14:05:00+00:00","og_image":[{"width":512,"height":512,"url":"https:\/\/beebuycoin.com\/wp-content\/uploads\/2024\/06\/beebuy-coin-1.webp","type":"image\/webp"}],"twitter_card":"summary_large_image","twitter_site":"@beebuycoin","twitter_misc":{"Dur\u00e9e de lecture estim\u00e9e":"5 minutes"},"schema":{"@context":"https:\/\/schema.org","@graph":[{"@type":"WebPage","@id":"https:\/\/beebuycoin.com\/fr\/a-propos-de-nous\/","url":"https:\/\/beebuycoin.com\/fr\/a-propos-de-nous\/","name":"A propos de - beebuycoin.com","isPartOf":{"@id":"https:\/\/beebuycoin.com\/fr\/#website"},"datePublished":"2021-03-22T09:08:05+00:00","dateModified":"2026-04-04T14:05:00+00:00","breadcrumb":{"@id":"https:\/\/beebuycoin.com\/fr\/a-propos-de-nous\/#breadcrumb"},"inLanguage":"fr-FR","potentialAction":[{"@type":"ReadAction","target":["https:\/\/beebuycoin.com\/fr\/a-propos-de-nous\/"]}]},{"@type":"BreadcrumbList","@id":"https:\/\/beebuycoin.com\/fr\/a-propos-de-nous\/#breadcrumb","itemListElement":[{"@type":"ListItem","position":1,"name":"Home","item":"https:\/\/beebuycoin.com\/fr\/"},{"@type":"ListItem","position":2,"name":"A propos de"}]},{"@type":"WebSite","@id":"https:\/\/beebuycoin.com\/fr\/#website","url":"https:\/\/beebuycoin.com\/fr\/","name":"beebuycoin.com","description":"Empower Your Future with BeeBuy Coin","publisher":{"@id":"https:\/\/beebuycoin.com\/fr\/#organization"},"alternateName":"BBCoin","potentialAction":[{"@type":"SearchAction","target":{"@type":"EntryPoint","urlTemplate":"https:\/\/beebuycoin.com\/fr\/?s={search_term_string}"},"query-input":{"@type":"PropertyValueSpecification","valueRequired":true,"valueName":"search_term_string"}}],"inLanguage":"fr-FR"},{"@type":"Organization","@id":"https:\/\/beebuycoin.com\/fr\/#organization","name":"beebuycoin.com","alternateName":"BBCoin","url":"https:\/\/beebuycoin.com\/fr\/","logo":{"@type":"ImageObject","inLanguage":"fr-FR","@id":"https:\/\/beebuycoin.com\/fr\/#\/schema\/logo\/image\/","url":"https:\/\/beebuycoin.com\/wp-content\/uploads\/2024\/06\/beebuy-coin-1.webp","contentUrl":"https:\/\/beebuycoin.com\/wp-content\/uploads\/2024\/06\/beebuy-coin-1.webp","width":512,"height":512,"caption":"beebuycoin.com"},"image":{"@id":"https:\/\/beebuycoin.com\/fr\/#\/schema\/logo\/image\/"},"sameAs":["https:\/\/www.facebook.com\/people\/beebuy-coin\/61560269860545\/","https:\/\/x.com\/beebuycoin","https:\/\/t.me\/beebuycoin","https:\/\/www.linkedin.com\/in\/beebuy-coin-beebuy-coin-406050213\/","https:\/\/www.instagram.com\/beebuycoin_\/","https:\/\/www.youtube.com\/@beebuycoin","https:\/\/www.tiktok.com\/@beebuycoin"]}]}},"_links":{"self":[{"href":"https:\/\/beebuycoin.com\/fr\/wp-json\/wp\/v2\/pages\/1518","targetHints":{"allow":["GET"]}}],"collection":[{"href":"https:\/\/beebuycoin.com\/fr\/wp-json\/wp\/v2\/pages"}],"about":[{"href":"https:\/\/beebuycoin.com\/fr\/wp-json\/wp\/v2\/types\/page"}],"author":[{"embeddable":true,"href":"https:\/\/beebuycoin.com\/fr\/wp-json\/wp\/v2\/users\/3"}],"replies":[{"embeddable":true,"href":"https:\/\/beebuycoin.com\/fr\/wp-json\/wp\/v2\/comments?post=1518"}],"version-history":[{"count":6,"href":"https:\/\/beebuycoin.com\/fr\/wp-json\/wp\/v2\/pages\/1518\/revisions"}],"predecessor-version":[{"id":1762,"href":"https:\/\/beebuycoin.com\/fr\/wp-json\/wp\/v2\/pages\/1518\/revisions\/1762"}],"wp:attachment":[{"href":"https:\/\/beebuycoin.com\/fr\/wp-json\/wp\/v2\/media?parent=1518"}],"curies":[{"name":"wp","href":"https:\/\/api.w.org\/{rel}","templated":true}]}}